{"id":72,"date":"2025-03-13T07:23:48","date_gmt":"2025-03-13T07:23:48","guid":{"rendered":"https:\/\/shdm.space\/?page_id=72"},"modified":"2025-03-13T07:23:48","modified_gmt":"2025-03-13T07:23:48","slug":"notre-impact","status":"publish","type":"page","link":"https:\/\/djema.pro\/index.php\/notre-impact\/","title":{"rendered":"Notre Impact"},"content":{"rendered":"\n<p>L\u2019<strong>Association Shama Djema Mangajou<\/strong> agit chaque jour pour transformer positivement le village de Mangajou et ses habitants. Gr\u00e2ce \u00e0 nos efforts, nous avons r\u00e9ussi \u00e0 apporter des changements concrets et durables dans plusieurs domaines. Notre impact se mesure \u00e0 travers l\u2019am\u00e9lioration des conditions de vie, le dynamisme \u00e9conomique, la valorisation du patrimoine et le renforcement du lien social.<\/p>\n\n\n\n<h3 class=\"wp-block-heading\"><strong>Un d\u00e9veloppement \u00e9conomique local renforc\u00e9<\/strong><\/h3>\n\n\n\n<p>L\u2019un des premiers effets de notre engagement est la stimulation du <strong>commerce et de l\u2019entrepreneuriat local<\/strong>. Nous avons mis en place des initiatives qui ont permis :<\/p>\n\n\n\n<ul class=\"wp-block-list\">\n<li><strong>L\u2019augmentation du nombre de march\u00e9s locaux<\/strong>, offrant aux artisans et commer\u00e7ants de nouvelles opportunit\u00e9s de vente.<\/li>\n\n\n\n<li><strong>Le soutien aux producteurs et artisans du village<\/strong>, leur permettant de mieux faire conna\u00eetre leurs cr\u00e9ations et produits.<\/li>\n\n\n\n<li><strong>La formation et l\u2019accompagnement des entrepreneurs<\/strong>, qui ont acquis des comp\u00e9tences en gestion et en commerce.<\/li>\n<\/ul>\n\n\n\n<p>Ces efforts ont contribu\u00e9 \u00e0 <strong>revitaliser l\u2019\u00e9conomie locale<\/strong> et \u00e0 offrir <strong>de nouvelles perspectives d\u2019avenir aux habitants<\/strong>.<\/p>\n\n\n\n<h3 class=\"wp-block-heading\"><strong>Une communaut\u00e9 plus solidaire et dynamique<\/strong><\/h3>\n\n\n\n<p>Nous avons constat\u00e9 un <strong>renforcement du lien social<\/strong> \u00e0 travers nos nombreuses actions. Nos initiatives ont permis :<\/p>\n\n\n\n<ul class=\"wp-block-list\">\n<li><strong>Un rapprochement interg\u00e9n\u00e9rationnel<\/strong>, o\u00f9 jeunes et anciens \u00e9changent et partagent leurs savoirs.<\/li>\n\n\n\n<li><strong>Une entraide renforc\u00e9e<\/strong>, avec des \u00e9v\u00e9nements solidaires qui rapprochent les habitants du village.<\/li>\n\n\n\n<li><strong>Une valorisation du travail collectif<\/strong>, o\u00f9 chacun trouve sa place et contribue \u00e0 l\u2019\u00e9volution du village.<\/li>\n<\/ul>\n\n\n\n<p>Gr\u00e2ce \u00e0 ces actions, Mangajou est devenu un village <strong>plus soud\u00e9, plus dynamique et plus ouvert sur l\u2019avenir<\/strong>.<\/p>\n\n\n\n<h3 class=\"wp-block-heading\"><strong>Un patrimoine pr\u00e9serv\u00e9 et valoris\u00e9<\/strong><\/h3>\n\n\n\n<p>Le village de Mangajou poss\u00e8de une histoire et une richesse culturelle que nous nous effor\u00e7ons de <strong>pr\u00e9server et promouvoir<\/strong>. Notre impact dans ce domaine est visible \u00e0 travers :<\/p>\n\n\n\n<ul class=\"wp-block-list\">\n<li><strong>La restauration de lieux historiques<\/strong>, redonnant vie \u00e0 des espaces embl\u00e9matiques du village.<\/li>\n\n\n\n<li><strong>La promotion des traditions locales<\/strong>, \u00e0 travers des \u00e9v\u00e9nements culturels et des spectacles.<\/li>\n\n\n\n<li><strong>La sensibilisation des habitants \u00e0 la pr\u00e9servation de leur environnement<\/strong>, garantissant un cadre de vie plus sain et agr\u00e9able.<\/li>\n<\/ul>\n\n\n\n<p>Gr\u00e2ce \u00e0 ces actions, nous assurons <strong>la transmission des traditions et la conservation du patrimoine<\/strong> pour les g\u00e9n\u00e9rations futures.<\/p>\n\n\n\n<h3 class=\"wp-block-heading\"><strong>Une jeunesse mieux accompagn\u00e9e et \u00e9duqu\u00e9e<\/strong><\/h3>\n\n\n\n<p>Nous avons mis en place de nombreux programmes pour aider les jeunes \u00e0 <strong>r\u00e9ussir leur parcours scolaire et professionnel<\/strong>. Nos efforts ont abouti \u00e0 :<\/p>\n\n\n\n<ul class=\"wp-block-list\">\n<li><strong>Une meilleure r\u00e9ussite scolaire<\/strong>, gr\u00e2ce au soutien scolaire que nous proposons.<\/li>\n\n\n\n<li><strong>Une orientation plus claire pour les jeunes<\/strong>, qui d\u00e9couvrent des opportunit\u00e9s de formation et de m\u00e9tier.<\/li>\n\n\n\n<li><strong>Une sensibilisation aux valeurs citoyennes<\/strong>, encourageant l\u2019engagement et la responsabilit\u00e9.<\/li>\n<\/ul>\n\n\n\n<p>Nous croyons que <strong>l\u2019\u00e9ducation est un moteur de transformation<\/strong>, et nous sommes fiers de contribuer \u00e0 offrir <strong>de meilleures perspectives d\u2019avenir aux jeunes de Mangajou<\/strong>.<\/p>\n\n\n\n<h3 class=\"wp-block-heading\"><strong>Un impact qui continue de grandir<\/strong><\/h3>\n\n\n\n<p>Chaque ann\u00e9e, de nouvelles actions voient le jour et touchent de plus en plus d\u2019habitants. Gr\u00e2ce \u00e0 nos b\u00e9n\u00e9voles, partenaires et membres engag\u00e9s, notre association continue d\u2019\u00e9tendre son impact et de <strong>changer positivement le visage du village<\/strong>.<\/p>\n\n\n\n<p>Si vous souhaitez contribuer \u00e0 ce changement et faire partie de cette aventure, <strong>contactez-nous ou rejoignez-nous<\/strong>.<\/p>\n","protected":false},"excerpt":{"rendered":"<p>L\u2019Association Shama Djema Mangajou agit chaque jour pour transformer positivement le village de Mangajou et ses habitants. Gr\u00e2ce \u00e0 nos efforts, nous avons r\u00e9ussi \u00e0 apporter des changements concrets et durables dans plusieurs domaines. Notre impact se mesure \u00e0 travers l\u2019am\u00e9lioration des conditions de vie, le dynamisme \u00e9conomique, la valorisation du patrimoine et le renforcement [&hellip;]<\/p>\n","protected":false},"author":1,"featured_media":0,"parent":0,"menu_order":0,"comment_status":"closed","ping_status":"closed","template":"","meta":{"saved_in_kubio":false,"footnotes":""},"class_list":["post-72","page","type-page","status-publish","hentry"],"kubio_ai_page_context":{"short_desc":"","purpose":"general"},"_links":{"self":[{"href":"https:\/\/djema.pro\/index.php\/wp-json\/wp\/v2\/pages\/72","targetHints":{"allow":["GET"]}}],"collection":[{"href":"https:\/\/djema.pro\/index.php\/wp-json\/wp\/v2\/pages"}],"about":[{"href":"https:\/\/djema.pro\/index.php\/wp-json\/wp\/v2\/types\/page"}],"author":[{"embeddable":true,"href":"https:\/\/djema.pro\/index.php\/wp-json\/wp\/v2\/users\/1"}],"replies":[{"embeddable":true,"href":"https:\/\/djema.pro\/index.php\/wp-json\/wp\/v2\/comments?post=72"}],"version-history":[{"count":1,"href":"https:\/\/djema.pro\/index.php\/wp-json\/wp\/v2\/pages\/72\/revisions"}],"predecessor-version":[{"id":82,"href":"https:\/\/djema.pro\/index.php\/wp-json\/wp\/v2\/pages\/72\/revisions\/82"}],"wp:attachment":[{"href":"https:\/\/djema.pro\/index.php\/wp-json\/wp\/v2\/media?parent=72"}],"curies":[{"name":"wp","href":"https:\/\/api.w.org\/{rel}","templated":true}]}}